{"id":2,"date":"2017-05-16T12:07:51","date_gmt":"2017-05-16T15:07:51","guid":{"rendered":"http:\/\/www.tecnysan.com.uy\/?page_id=2"},"modified":"2018-09-07T08:29:50","modified_gmt":"2018-09-07T11:29:50","slug":"inicio","status":"publish","type":"page","link":"https:\/\/www.tecnysan.com.uy\/","title":{"rendered":"Inicio"},"content":{"rendered":"<p>[et_pb_section fb_built=\u00bb1&#8243; fullwidth=\u00bbon\u00bb _builder_version=\u00bb3.0.47&#8243;][et_pb_fullwidth_slider show_arrows=\u00bboff\u00bb show_pagination=\u00bboff\u00bb _builder_version=\u00bb3.3.1&#8243; custom_padding=\u00bb|||\u00bb][et_pb_slide heading=\u00bbDesde 1980, al servicio de la producci\u00f3n lechera en Uruguay y la regi\u00f3n\u00bb button_text=\u00bbCont\u00e1ctenos\u00bb button_link=\u00bb?page_id=5&#8243; use_bg_overlay=\u00bboff\u00bb use_text_overlay=\u00bboff\u00bb _builder_version=\u00bb3.3.1&#8243; header_font=\u00bb||||\u00bb body_font=\u00bb||||\u00bb background_color=\u00bb#ffffff\u00bb background_image=\u00bbhttps:\/\/www.tecnysan.com.uy\/wp-content\/uploads\/ss-vaca-frente-002.jpg\u00bb background_position=\u00bbtop_left\u00bb button_on_hover=\u00bbon\u00bb][\/et_pb_slide][\/et_pb_fullwidth_slider][\/et_pb_section][et_pb_section fb_built=\u00bb1&#8243; admin_label=\u00bbsection\u00bb _builder_version=\u00bb3.0.47&#8243;][et_pb_row admin_label=\u00bbrow\u00bb _builder_version=\u00bb3.0.47&#8243; background_size=\u00bbinitial\u00bb background_position=\u00bbtop_left\u00bb background_repeat=\u00bbrepeat\u00bb][et_pb_column type=\u00bb1_3&#8243; _builder_version=\u00bb3.0.47&#8243; parallax=\u00bboff\u00bb parallax_method=\u00bbon\u00bb][et_pb_text admin_label=\u00bbAfimilk\u00bb _builder_version=\u00bb3.4.1&#8243; background_size=\u00bbinitial\u00bb background_position=\u00bbtop_left\u00bb background_repeat=\u00bbrepeat\u00bb border_style=\u00bbsolid\u00bb]<\/p>\n<h2><a href=\"?page_id=14\">AfiMilk<\/a><\/h2>\n<p><strong>AfiMilk es el sistema autom\u00e1tico l\u00edder de administraci\u00f3n para tambos.<\/strong><\/p>\n<p>Brinda una base de datos confiable y f\u00e1cil de usar, y traduce los resultados en indicaciones precisas para todos los operarios.<\/p>\n<p>El sistema AfiMilk permite el cuidado individual de cada vaca, incluso en los tambos m\u00e1s numerosos.<\/p>\n<p><strong><a href=\"?page_id=14\">Conozca m\u00e1s sobre AfiMilk \u2192<\/a><\/strong><\/p>\n<p>[\/et_pb_text][\/et_pb_column][et_pb_column type=\u00bb1_3&#8243; _builder_version=\u00bb3.0.47&#8243; parallax=\u00bboff\u00bb parallax_method=\u00bbon\u00bb][et_pb_text admin_label=\u00bbDairymaster\u00bb _builder_version=\u00bb3.3.1&#8243; background_size=\u00bbinitial\u00bb background_position=\u00bbtop_left\u00bb background_repeat=\u00bbrepeat\u00bb border_style=\u00bbsolid\u00bb]<\/p>\n<h2><a href=\"?page_id=15\">Dairymaster<\/a><\/h2>\n<p>Un orde\u00f1o m\u00e1s f\u00e1cil y m\u00e1s consistente en su tambo con retiradores Dairymaster.<\/p>\n<ul>\n<li>Menor carga de trabajo<\/li>\n<li>Orde\u00f1o preciso y consistente<\/li>\n<li>Acero inoxidable para mayor durabilidad<\/li>\n<\/ul>\n<p><strong><a href=\"?page_id=15\">Conozca m\u00e1s sobre Dairymaster \u2192<\/a><\/strong>[\/et_pb_text][\/et_pb_column][et_pb_column type=\u00bb1_3&#8243; _builder_version=\u00bb3.0.47&#8243; parallax=\u00bboff\u00bb parallax_method=\u00bbon\u00bb][et_pb_text admin_label=\u00bbEstructuras\u00bb _builder_version=\u00bb3.3.1&#8243; background_size=\u00bbinitial\u00bb background_position=\u00bbtop_left\u00bb background_repeat=\u00bbrepeat\u00bb border_style=\u00bbsolid\u00bb]<\/p>\n<h2><a href=\"?page_id=7\">Estructuras<\/a><\/h2>\n<p>Dise\u00f1o, construcci\u00f3n y operaci\u00f3n de estructuras para producci\u00f3n lechera:<\/p>\n<ul>\n<li>Pistas de alimentaci\u00f3n<\/li>\n<li>Salas de tambo<\/li>\n<li>Estabulaci\u00f3n<\/li>\n<li>Bretes<\/li>\n<li>Mantenimiento de equipos<\/li>\n<li>Ventilaci\u00f3n y stress t\u00e9rmico<\/li>\n<li>Manejo de efluentes<\/li>\n<\/ul>\n<p><strong><a href=\"?page_id=7\">Conozca m\u00e1s sobre estructuras para la producci\u00f3n lechera \u2192<\/a><\/strong>[\/et_pb_text][\/et_pb_column][\/et_pb_row][\/et_pb_section]<\/p>\n","protected":false},"excerpt":{"rendered":"<p>AfiMilk AfiMilk es el sistema autom\u00e1tico l\u00edder de administraci\u00f3n para tambos. Brinda una base de datos confiable y f\u00e1cil de usar, y traduce los resultados en indicaciones precisas para todos los operarios. El sistema AfiMilk permite el cuidado individual de cada vaca, incluso en los tambos m\u00e1s numerosos. Conozca m\u00e1s sobre AfiMilk \u2192 Dairymaster Un [&hellip;]<\/p>\n","protected":false},"author":1,"featured_media":0,"parent":0,"menu_order":0,"comment_status":"closed","ping_status":"closed","template":"","meta":{"_et_pb_use_builder":"on","_et_pb_old_content":"","_et_gb_content_width":"","footnotes":""},"class_list":["post-2","page","type-page","status-publish","hentry"],"_links":{"self":[{"href":"https:\/\/www.tecnysan.com.uy\/index.php?rest_route=\/wp\/v2\/pages\/2","targetHints":{"allow":["GET"]}}],"collection":[{"href":"https:\/\/www.tecnysan.com.uy\/index.php?rest_route=\/wp\/v2\/pages"}],"about":[{"href":"https:\/\/www.tecnysan.com.uy\/index.php?rest_route=\/wp\/v2\/types\/page"}],"author":[{"embeddable":true,"href":"https:\/\/www.tecnysan.com.uy\/index.php?rest_route=\/wp\/v2\/users\/1"}],"replies":[{"embeddable":true,"href":"https:\/\/www.tecnysan.com.uy\/index.php?rest_route=%2Fwp%2Fv2%2Fcomments&post=2"}],"version-history":[{"count":15,"href":"https:\/\/www.tecnysan.com.uy\/index.php?rest_route=\/wp\/v2\/pages\/2\/revisions"}],"predecessor-version":[{"id":543,"href":"https:\/\/www.tecnysan.com.uy\/index.php?rest_route=\/wp\/v2\/pages\/2\/revisions\/543"}],"wp:attachment":[{"href":"https:\/\/www.tecnysan.com.uy\/index.php?rest_route=%2Fwp%2Fv2%2Fmedia&parent=2"}],"curies":[{"name":"wp","href":"https:\/\/api.w.org\/{rel}","templated":true}]}}