{"id":14,"date":"2017-05-16T09:39:07","date_gmt":"2017-05-16T12:39:07","guid":{"rendered":"http:\/\/www.tecnysan.com.uy\/?page_id=14"},"modified":"2018-10-03T09:39:53","modified_gmt":"2018-10-03T12:39:53","slug":"afimilk","status":"publish","type":"page","link":"https:\/\/www.tecnysan.com.uy\/?page_id=14","title":{"rendered":"AfiMilk &#8211; Administraci\u00f3n del orde\u00f1o"},"content":{"rendered":"<p>[et_pb_section admin_label=\u00bbsection\u00bb]<br \/>\n\t\t[et_pb_row admin_label=\u00bbrow\u00bb]<br \/>\n\t\t\t[et_pb_column type=\u00bb4_4&#8243;]<br \/>\n\t\t\t\t[et_pb_text admin_label=\u00bbText\u00bb]<br \/>\n\t\t\t\t\t<div class='one_half'>\n\t\t\t\t\t<a href=\"?page_id=45\" style=\"display:block;text-align:center;color:#fff;background-color:#0097d0;border-bottom:1px solid #fff;padding:.5em 0;\">Silent Herdsman &#8211; Monitoreo autom\u00e1tico de la salud de las vacas<\/a>\n<a href=\"?page_id=46\" style=\"display:block;text-align:center;color:#fff;background-color:#0097d0;border-bottom:1px solid #fff;padding:.5em 0;\">MPC &#8211; Medidores individuales de leche<\/a>\n<a href=\"?page_id=47\" style=\"display:block;text-align:center;color:#fff;background-color:#0097d0;border-bottom:1px solid #fff;padding:.5em 0;\">AfiLab &#8211; Analizador de leche<\/a>\n\t\t\t\t<\/div><div class='one_half et_column_last'>\n\t\t\t\t\t<a href=\"?page_id=44\" style=\"display:block;text-align:center;color:#fff;background-color:#0097d0;border-bottom:1px solid #fff;padding:.5em 0;\">AfiAct &#8211; Detecci\u00f3n autom\u00e1tica del celo<\/a>\n<a href=\"?page_id=48\" style=\"display:block;text-align:center;color:#fff;background-color:#0097d0;border-bottom:1px solid #fff;padding:.5em 0;\">AfiSort &#8211; Portera de separaci\u00f3n de vacas<\/a>\n<a href=\"?page_id=49\" style=\"display:block;text-align:center;color:#fff;background-color:#0097d0;border-bottom:1px solid #fff;padding:.5em 0;\">AfiWeigh &#8211; Peso autom\u00e1tico de las vacas<\/a>\n\t\t\t\t<\/div><div class='clear'><\/div><\/p>\n<p><strong>AfiMilk es el sistema autom\u00e1tico l\u00edder de administraci\u00f3n para tambos.<\/strong><\/p>\n<div class=\"alignright\" style=\"width:218px; height:63px; margin:0 1em; background-image:url(https:\/\/www.tecnysan.com.uy\/wp-content\/uploads\/afimilk-img-sprites7.png); background-position:0 0; overflow:hidden;\"><\/div>\n<p>Brinda una base de datos confiable y f\u00e1cil de usar, y traduce los resultados en indicaciones sencillas y precisas en un lenguaje comprensible para todos los operarios de su establecimiento. El sistema AfiMilk permite el cuidado individual de cada vaca, incluso en los tambos m\u00e1s numerosos.<\/p>\n<p><\/p>\n<p><div class='one_half'>\n\t\t\t\t\tUn sistema computarizado confiable y amigable brinda resultados s\u00f3lidos que mejoran los procesos de toma de decisi\u00f3n:\n\t\t\t\t<\/div><div class='one_half et_column_last'>\n\t\t\t\t\t<ul>\n<li><strong>Informaci\u00f3n completa y confiable<\/strong><\/li>\n<li><strong>C\u00e1lculos inteligentes basados en conocimiento de lecher\u00eda<\/strong><\/li>\n<li><strong>Un entorno de trabajo f\u00e1cil de usar en su PC o dispositivo m\u00f3vil<\/strong><\/li>\n<\/ul>\n\t\t\t\t<\/div><div class='clear'><\/div><\/p>\n<p>El orde\u00f1o es la principal fuente de informaci\u00f3n para la toma de decisiones del administrador de la granja lechera. Durante cada orde\u00f1o, el sistema AfiMilk recopila datos sobre la producci\u00f3n de leche, su composici\u00f3n, comportamiento de las vacas, curvas de leche y tasas de flujo.<\/p>\n<p>Esta informaci\u00f3n se traduce en patrones de rendimiento para cada vaca, y establecen una l\u00ednea de referencia para calcular desviaciones del rendimiento normal y para alertar sobre irregularidades.<\/p>\n<p><strong>La recopilaci\u00f3n autom\u00e1tica de datos es la \u00fanica forma pr\u00e1ctica de administrar y cuidar las vacas en forma individual en los tambos medianos y grandes. AfiMilk brinda conocimiento esencial en cada gota.<\/strong><\/p>\n<h2>Beneficios<\/h2>\n<ul>\n<li>Identificaci\u00f3n altamente confiable y asignaci\u00f3n de datos precisa para cada vaca, que garantizan la calidad de la informaci\u00f3n.<\/li>\n<li>Completa base de datos para cada vaca, que incluye todos los registros autom\u00e1ticos y manuales al sistema.<\/li>\n<li>Amplia experiencia y conocimientos para convertir estos datos en ventajas competitivas.<\/li>\n<li>Respuestas concretas, enfocadas en las vacas que necesitan atenci\u00f3n.<\/li>\n<li>Flexibilidad para acceder a la informaci\u00f3n deseada.<\/li>\n<\/ul>\n<div class=\"destaque\">AfiMilk ayuda a mejorar la eficiencia del tambo y a maximizar sus ganancias.<br \/>\n<a href=\"?page_id=5\">Cont\u00e1ctenos hoy mismo por asesoramiento<\/a>.<\/div>\n<p>\t\t\t\t[\/et_pb_text]<br \/>\n\t\t\t[\/et_pb_column]<br \/>\n\t\t[\/et_pb_row]<br \/>\n\t[\/et_pb_section]<\/p>\n","protected":false},"excerpt":{"rendered":"<p><div class='one_half'>\n\t\t\t\t\tSilent Herdsman &#8211; Monitoreo autom\u00e1tico de la salud de las vacas MPC &#8211; Medidores individuales de leche AfiLab &#8211; Analizador de leche\n\t\t\t\t<\/div><div class='one_half et_column_last'>\n\t\t\t\t\tAfiAct &#8211; Detecci\u00f3n autom\u00e1tica del celo AfiSort &#8211; Portera de separaci\u00f3n de vacas AfiWeigh &#8211; Peso autom\u00e1tico de las vacas\n\t\t\t\t<\/div><div class='clear'><\/div> AfiMilk es el sistema autom\u00e1tico l\u00edder de administraci\u00f3n para tambos. [&hellip;]<\/p>\n","protected":false},"author":1,"featured_media":0,"parent":6,"menu_order":10,"comment_status":"closed","ping_status":"closed","template":"","meta":{"_et_pb_use_builder":"on","_et_pb_old_content":"[one_half]\r\n<a href=\"?page_id=45\" style=\"display:block;text-align:center;color:#fff;background-color:#0097d0;border-bottom:1px solid #fff;padding:.5em 0;\">Silent Herdsman - Monitoreo autom\u00e1tico de la salud de las vacas<\/a>\r\n<a href=\"?page_id=46\" style=\"display:block;text-align:center;color:#fff;background-color:#0097d0;border-bottom:1px solid #fff;padding:.5em 0;\">MPC - Medidores individuales de leche<\/a>\r\n<a href=\"?page_id=47\" style=\"display:block;text-align:center;color:#fff;background-color:#0097d0;border-bottom:1px solid #fff;padding:.5em 0;\">AfiLab - Analizador de leche<\/a>\r\n[\/one_half][one_half_last]\r\n<a href=\"?page_id=44\" style=\"display:block;text-align:center;color:#fff;background-color:#0097d0;border-bottom:1px solid #fff;padding:.5em 0;\">AfiAct - Detecci\u00f3n autom\u00e1tica del celo<\/a>\r\n<a href=\"?page_id=48\" style=\"display:block;text-align:center;color:#fff;background-color:#0097d0;border-bottom:1px solid #fff;padding:.5em 0;\">AfiSort - Portera de separaci\u00f3n de vacas<\/a>\r\n<a href=\"?page_id=49\" style=\"display:block;text-align:center;color:#fff;background-color:#0097d0;border-bottom:1px solid #fff;padding:.5em 0;\">AfiWeigh - Peso autom\u00e1tico de las vacas<\/a>\r\n[\/one_half_last]\r\n\r\n<strong>AfiMilk es el sistema autom\u00e1tico l\u00edder de administraci\u00f3n para tambos.<\/strong>\r\n\r\n<div class=\"alignright\" style=\"width:218px; height:63px; margin:0 1em; background-image:url(https:\/\/www.tecnysan.com.uy\/wp-content\/uploads\/afimilk-img-sprites7.png); background-position:0 0; overflow:hidden;\"><\/div>Brinda una base de datos confiable y f\u00e1cil de usar, y traduce los resultados en indicaciones sencillas y precisas en un lenguaje comprensible para todos los operarios de su establecimiento. El sistema AfiMilk permite el cuidado individual de cada vaca, incluso en los tambos m\u00e1s numerosos.\r\n\r\n<br>\r\n\r\n[one_half]\r\nUn sistema computarizado confiable y amigable brinda resultados s\u00f3lidos que mejoran los procesos de toma de decisi\u00f3n:[\/one_half][one_half_last]\r\n<ul>\r\n\t<li><strong>Informaci\u00f3n completa y confiable<\/strong><\/li>\r\n\t<li><strong>C\u00e1lculos inteligentes basados en conocimiento de lecher\u00eda<\/strong><\/li>\r\n\t<li><strong>Un entorno de trabajo f\u00e1cil de usar en su PC o dispositivo m\u00f3vil<\/strong><\/li>\r\n<\/ul>\r\n[\/one_half_last]\r\n\r\nEl orde\u00f1o es la principal fuente de informaci\u00f3n para la toma de decisiones del administrador de la granja lechera. Durante cada orde\u00f1o, el sistema AfiMilk recopila datos sobre la producci\u00f3n de leche, su composici\u00f3n, comportamiento de las vacas, curvas de leche y tasas de flujo.\r\n\r\nEsta informaci\u00f3n se traduce en patrones de rendimiento para cada vaca, y establecen una l\u00ednea de referencia para calcular desviaciones del rendimiento normal y para alertar sobre irregularidades.\r\n\r\n<strong>La recopilaci\u00f3n autom\u00e1tica de datos es la \u00fanica forma pr\u00e1ctica de administrar y cuidar las vacas en forma individual en los tambos medianos y grandes. AfiMilk brinda conocimiento esencial en cada gota.<\/strong>\r\n\r\n<h2>Beneficios<\/h2>\r\n\r\n<ul>\r\n \t<li>Identificaci\u00f3n altamente confiable y asignaci\u00f3n de datos precisa para cada vaca, que garantizan la calidad de la informaci\u00f3n.<\/li>\r\n \t<li>Completa base de datos para cada vaca, que incluye todos los registros autom\u00e1ticos y manuales al sistema.<\/li>\r\n \t<li>Amplia experiencia y conocimientos para convertir estos datos en ventajas competitivas.<\/li>\r\n \t<li>Respuestas concretas, enfocadas en las vacas que necesitan atenci\u00f3n.<\/li>\r\n \t<li>Flexibilidad para acceder a la informaci\u00f3n deseada.<\/li>\r\n<\/ul>\r\n\r\n<div class=\"destaque\">AfiMilk ayuda a mejorar la eficiencia del tambo y a maximizar sus ganancias.\r\n<a href=\"?page_id=5\">Cont\u00e1ctenos hoy mismo por asesoramiento<\/a>.<\/div>","_et_gb_content_width":"","footnotes":""},"class_list":["post-14","page","type-page","status-publish","hentry"],"_links":{"self":[{"href":"https:\/\/www.tecnysan.com.uy\/index.php?rest_route=\/wp\/v2\/pages\/14","targetHints":{"allow":["GET"]}}],"collection":[{"href":"https:\/\/www.tecnysan.com.uy\/index.php?rest_route=\/wp\/v2\/pages"}],"about":[{"href":"https:\/\/www.tecnysan.com.uy\/index.php?rest_route=\/wp\/v2\/types\/page"}],"author":[{"embeddable":true,"href":"https:\/\/www.tecnysan.com.uy\/index.php?rest_route=\/wp\/v2\/users\/1"}],"replies":[{"embeddable":true,"href":"https:\/\/www.tecnysan.com.uy\/index.php?rest_route=%2Fwp%2Fv2%2Fcomments&post=14"}],"version-history":[{"count":15,"href":"https:\/\/www.tecnysan.com.uy\/index.php?rest_route=\/wp\/v2\/pages\/14\/revisions"}],"predecessor-version":[{"id":559,"href":"https:\/\/www.tecnysan.com.uy\/index.php?rest_route=\/wp\/v2\/pages\/14\/revisions\/559"}],"up":[{"embeddable":true,"href":"https:\/\/www.tecnysan.com.uy\/index.php?rest_route=\/wp\/v2\/pages\/6"}],"wp:attachment":[{"href":"https:\/\/www.tecnysan.com.uy\/index.php?rest_route=%2Fwp%2Fv2%2Fmedia&parent=14"}],"curies":[{"name":"wp","href":"https:\/\/api.w.org\/{rel}","templated":true}]}}